{"id":2,"date":"2025-09-11T11:11:53","date_gmt":"2025-09-11T11:11:53","guid":{"rendered":"https:\/\/grup2.uabcilab.cat\/?page_id=2"},"modified":"2025-10-06T14:27:23","modified_gmt":"2025-10-06T14:27:23","slug":"sample-page","status":"publish","type":"page","link":"https:\/\/grup2.uabcilab.cat\/?page_id=2","title":{"rendered":"Contacto"},"content":{"rendered":"\n<p>\u00bfTienes una idea, proyecto o marca que quieres llevar al siguiente nivel?<br>Estamos aqu\u00ed para ayudarte a comunicar, crear y conectar con tu audiencia.<br>\u00a1Queremos establecer contacto contigo para poder ayudarte!<\/p>\n\n\n\n<p><strong>Escr\u00edbenos y comencemos.<\/strong><br>Te responderemos lo antes posible.<\/p>\n\n\n\t<div id=\"respond\" class=\"comment-respond wp-block-post-comments-form\">\n\t\t<h3 id=\"reply-title\" class=\"comment-reply-title\">Deja una respuesta <small><a rel=\"nofollow\" id=\"cancel-comment-reply-link\" href=\"\/index.php?rest_route=%2Fwp%2Fv2%2Fpages%2F2#respond\" style=\"display:none;\">Cancelar la respuesta<\/a><\/small><\/h3><form action=\"https:\/\/grup2.uabcilab.cat\/wp-comments-post.php\" method=\"post\" id=\"commentform\" class=\"comment-form\"><p class=\"comment-notes\"><span id=\"email-notes\">Tu direcci\u00f3n de correo electr\u00f3nico no ser\u00e1 publicada.<\/span> <span class=\"required-field-message\">Los campos obligatorios est\u00e1n marcados con <span class=\"required\">*<\/span><\/span><\/p><p class=\"comment-form-comment\"><label for=\"comment\">Comentario <span class=\"required\">*<\/span><\/label> <textarea id=\"comment\" name=\"comment\" cols=\"45\" rows=\"8\" maxlength=\"65525\" required><\/textarea><\/p><p class=\"comment-form-author\"><label for=\"author\">Nombre <span class=\"required\">*<\/span><\/label> <input id=\"author\" name=\"author\" type=\"text\" value=\"\" size=\"30\" maxlength=\"245\" autocomplete=\"name\" required \/><\/p>\n<p class=\"comment-form-email\"><label for=\"email\">Correo electr\u00f3nico <span class=\"required\">*<\/span><\/label> <input id=\"email\" name=\"email\" type=\"email\" value=\"\" size=\"30\" maxlength=\"100\" aria-describedby=\"email-notes\" autocomplete=\"email\" required \/><\/p>\n<p class=\"comment-form-url\"><label for=\"url\">Web<\/label> <input id=\"url\" name=\"url\" type=\"url\" value=\"\" size=\"30\" maxlength=\"200\" autocomplete=\"url\" \/><\/p>\n<p class=\"comment-form-cookies-consent\"><input id=\"wp-comment-cookies-consent\" name=\"wp-comment-cookies-consent\" type=\"checkbox\" value=\"yes\" \/> <label for=\"wp-comment-cookies-consent\">Guarda mi nombre, correo electr\u00f3nico y web en este navegador para la pr\u00f3xima vez que comente.<\/label><\/p>\n<p class=\"form-submit wp-block-button\"><input name=\"submit\" type=\"submit\" id=\"submit\" class=\"wp-block-button__link wp-element-button\" value=\"Publicar el comentario\" \/> <input type='hidden' name='comment_post_ID' value='2' id='comment_post_ID' \/>\n<input type='hidden' name='comment_parent' id='comment_parent' value='0' \/>\n<\/p><\/form>\t<\/div><!-- #respond -->\n\t\n\n\n<p>Tambi\u00e9n puedes escribirnos a <strong><a>info@visionstudio.com<\/a><\/strong> o llamarnos al <strong><a href=\"tel:18025004567\">+34 965 36 95 74<\/a><\/strong><\/p>\n","protected":false},"excerpt":{"rendered":"<p>\u00bfTienes una idea, proyecto o marca que quieres llevar al siguiente nivel?Estamos aqu\u00ed para ayudarte a comunicar, crear y conectar con tu audiencia.\u00a1Queremos establecer contacto contigo para poder ayudarte! Escr\u00edbenos y comencemos.Te responderemos lo antes posible. Tambi\u00e9n puedes escribirnos a info@visionstudio.com o llamarnos al +34 965 36 95 74<\/p>\n","protected":false},"author":1,"featured_media":0,"parent":0,"menu_order":0,"comment_status":"open","ping_status":"open","template":"","meta":{"footnotes":""},"class_list":["post-2","page","type-page","status-publish","hentry"],"yoast_head":"<!-- This site is optimized with the Yoast SEO plugin v26.0 - https:\/\/yoast.com\/wordpress\/plugins\/seo\/ -->\n<title>Contacto - Vision Studio<\/title>\n<meta name=\"robots\" content=\"index, follow, max-snippet:-1, max-image-preview:large, max-video-preview:-1\" \/>\n<link rel=\"canonical\" href=\"https:\/\/grup2.uabcilab.cat\/?page_id=2\" \/>\n<meta property=\"og:locale\" content=\"es_ES\" \/>\n<meta property=\"og:type\" content=\"article\" \/>\n<meta property=\"og:title\" content=\"Contacto - Vision Studio\" \/>\n<meta property=\"og:description\" content=\"\u00bfTienes una idea, proyecto o marca que quieres llevar al siguiente nivel?Estamos aqu\u00ed para ayudarte a comunicar, crear y conectar con tu audiencia.\u00a1Queremos establecer contacto contigo para poder ayudarte! Escr\u00edbenos y comencemos.Te responderemos lo antes posible. Tambi\u00e9n puedes escribirnos a info@visionstudio.com o llamarnos al +34 965 36 95 74\" \/>\n<meta property=\"og:url\" content=\"https:\/\/grup2.uabcilab.cat\/?page_id=2\" \/>\n<meta property=\"og:site_name\" content=\"Vision Studio\" \/>\n<meta property=\"article:modified_time\" content=\"2025-10-06T14:27:23+00:00\" \/>\n<meta name=\"twitter:card\" content=\"summary_large_image\" \/>\n<meta name=\"twitter:label1\" content=\"Tiempo de lectura\" \/>\n\t<meta name=\"twitter:data1\" content=\"1 minuto\" \/>\n<script type=\"application\/ld+json\" class=\"yoast-schema-graph\">{\"@context\":\"https:\/\/schema.org\",\"@graph\":[{\"@type\":\"WebPage\",\"@id\":\"https:\/\/grup2.uabcilab.cat\/?page_id=2\",\"url\":\"https:\/\/grup2.uabcilab.cat\/?page_id=2\",\"name\":\"Contacto - Vision Studio\",\"isPartOf\":{\"@id\":\"https:\/\/grup2.uabcilab.cat\/#website\"},\"datePublished\":\"2025-09-11T11:11:53+00:00\",\"dateModified\":\"2025-10-06T14:27:23+00:00\",\"breadcrumb\":{\"@id\":\"https:\/\/grup2.uabcilab.cat\/?page_id=2#breadcrumb\"},\"inLanguage\":\"es\",\"potentialAction\":[{\"@type\":\"ReadAction\",\"target\":[\"https:\/\/grup2.uabcilab.cat\/?page_id=2\"]}]},{\"@type\":\"BreadcrumbList\",\"@id\":\"https:\/\/grup2.uabcilab.cat\/?page_id=2#breadcrumb\",\"itemListElement\":[{\"@type\":\"ListItem\",\"position\":1,\"name\":\"Portada\",\"item\":\"https:\/\/grup2.uabcilab.cat\/\"},{\"@type\":\"ListItem\",\"position\":2,\"name\":\"Contacto\"}]},{\"@type\":\"WebSite\",\"@id\":\"https:\/\/grup2.uabcilab.cat\/#website\",\"url\":\"https:\/\/grup2.uabcilab.cat\/\",\"name\":\"Vision Studio\",\"description\":\"\",\"publisher\":{\"@id\":\"https:\/\/grup2.uabcilab.cat\/#organization\"},\"potentialAction\":[{\"@type\":\"SearchAction\",\"target\":{\"@type\":\"EntryPoint\",\"urlTemplate\":\"https:\/\/grup2.uabcilab.cat\/?s={search_term_string}\"},\"query-input\":{\"@type\":\"PropertyValueSpecification\",\"valueRequired\":true,\"valueName\":\"search_term_string\"}}],\"inLanguage\":\"es\"},{\"@type\":\"Organization\",\"@id\":\"https:\/\/grup2.uabcilab.cat\/#organization\",\"name\":\"Vision Studio\",\"url\":\"https:\/\/grup2.uabcilab.cat\/\",\"logo\":{\"@type\":\"ImageObject\",\"inLanguage\":\"es\",\"@id\":\"https:\/\/grup2.uabcilab.cat\/#\/schema\/logo\/image\/\",\"url\":\"https:\/\/grup2.uabcilab.cat\/wp-content\/uploads\/2025\/10\/ChatGPT-Image-6-oct-2025-10_22_56.png\",\"contentUrl\":\"https:\/\/grup2.uabcilab.cat\/wp-content\/uploads\/2025\/10\/ChatGPT-Image-6-oct-2025-10_22_56.png\",\"width\":1024,\"height\":1024,\"caption\":\"Vision Studio\"},\"image\":{\"@id\":\"https:\/\/grup2.uabcilab.cat\/#\/schema\/logo\/image\/\"}}]}<\/script>\n<!-- \/ Yoast SEO plugin. -->","yoast_head_json":{"title":"Contacto - Vision Studio","robots":{"index":"index","follow":"follow","max-snippet":"max-snippet:-1","max-image-preview":"max-image-preview:large","max-video-preview":"max-video-preview:-1"},"canonical":"https:\/\/grup2.uabcilab.cat\/?page_id=2","og_locale":"es_ES","og_type":"article","og_title":"Contacto - Vision Studio","og_description":"\u00bfTienes una idea, proyecto o marca que quieres llevar al siguiente nivel?Estamos aqu\u00ed para ayudarte a comunicar, crear y conectar con tu audiencia.\u00a1Queremos establecer contacto contigo para poder ayudarte! Escr\u00edbenos y comencemos.Te responderemos lo antes posible. Tambi\u00e9n puedes escribirnos a info@visionstudio.com o llamarnos al +34 965 36 95 74","og_url":"https:\/\/grup2.uabcilab.cat\/?page_id=2","og_site_name":"Vision Studio","article_modified_time":"2025-10-06T14:27:23+00:00","twitter_card":"summary_large_image","twitter_misc":{"Tiempo de lectura":"1 minuto"},"schema":{"@context":"https:\/\/schema.org","@graph":[{"@type":"WebPage","@id":"https:\/\/grup2.uabcilab.cat\/?page_id=2","url":"https:\/\/grup2.uabcilab.cat\/?page_id=2","name":"Contacto - Vision Studio","isPartOf":{"@id":"https:\/\/grup2.uabcilab.cat\/#website"},"datePublished":"2025-09-11T11:11:53+00:00","dateModified":"2025-10-06T14:27:23+00:00","breadcrumb":{"@id":"https:\/\/grup2.uabcilab.cat\/?page_id=2#breadcrumb"},"inLanguage":"es","potentialAction":[{"@type":"ReadAction","target":["https:\/\/grup2.uabcilab.cat\/?page_id=2"]}]},{"@type":"BreadcrumbList","@id":"https:\/\/grup2.uabcilab.cat\/?page_id=2#breadcrumb","itemListElement":[{"@type":"ListItem","position":1,"name":"Portada","item":"https:\/\/grup2.uabcilab.cat\/"},{"@type":"ListItem","position":2,"name":"Contacto"}]},{"@type":"WebSite","@id":"https:\/\/grup2.uabcilab.cat\/#website","url":"https:\/\/grup2.uabcilab.cat\/","name":"Vision Studio","description":"","publisher":{"@id":"https:\/\/grup2.uabcilab.cat\/#organization"},"potentialAction":[{"@type":"SearchAction","target":{"@type":"EntryPoint","urlTemplate":"https:\/\/grup2.uabcilab.cat\/?s={search_term_string}"},"query-input":{"@type":"PropertyValueSpecification","valueRequired":true,"valueName":"search_term_string"}}],"inLanguage":"es"},{"@type":"Organization","@id":"https:\/\/grup2.uabcilab.cat\/#organization","name":"Vision Studio","url":"https:\/\/grup2.uabcilab.cat\/","logo":{"@type":"ImageObject","inLanguage":"es","@id":"https:\/\/grup2.uabcilab.cat\/#\/schema\/logo\/image\/","url":"https:\/\/grup2.uabcilab.cat\/wp-content\/uploads\/2025\/10\/ChatGPT-Image-6-oct-2025-10_22_56.png","contentUrl":"https:\/\/grup2.uabcilab.cat\/wp-content\/uploads\/2025\/10\/ChatGPT-Image-6-oct-2025-10_22_56.png","width":1024,"height":1024,"caption":"Vision Studio"},"image":{"@id":"https:\/\/grup2.uabcilab.cat\/#\/schema\/logo\/image\/"}}]}},"_links":{"self":[{"href":"https:\/\/grup2.uabcilab.cat\/index.php?rest_route=\/wp\/v2\/pages\/2","targetHints":{"allow":["GET"]}}],"collection":[{"href":"https:\/\/grup2.uabcilab.cat\/index.php?rest_route=\/wp\/v2\/pages"}],"about":[{"href":"https:\/\/grup2.uabcilab.cat\/index.php?rest_route=\/wp\/v2\/types\/page"}],"author":[{"embeddable":true,"href":"https:\/\/grup2.uabcilab.cat\/index.php?rest_route=\/wp\/v2\/users\/1"}],"replies":[{"embeddable":true,"href":"https:\/\/grup2.uabcilab.cat\/index.php?rest_route=%2Fwp%2Fv2%2Fcomments&post=2"}],"version-history":[{"count":6,"href":"https:\/\/grup2.uabcilab.cat\/index.php?rest_route=\/wp\/v2\/pages\/2\/revisions"}],"predecessor-version":[{"id":199,"href":"https:\/\/grup2.uabcilab.cat\/index.php?rest_route=\/wp\/v2\/pages\/2\/revisions\/199"}],"wp:attachment":[{"href":"https:\/\/grup2.uabcilab.cat\/index.php?rest_route=%2Fwp%2Fv2%2Fmedia&parent=2"}],"curies":[{"name":"wp","href":"https:\/\/api.w.org\/{rel}","templated":true}]}}